{"id":1811,"date":"2025-03-11T13:55:08","date_gmt":"2025-03-11T13:55:08","guid":{"rendered":"https:\/\/aragmaibiza.com\/?page_id=1811"},"modified":"2025-03-19T18:33:36","modified_gmt":"2025-03-19T18:33:36","slug":"gift-vouchers","status":"publish","type":"page","link":"https:\/\/aragmaibiza.com\/fr\/gift-vouchers\/","title":{"rendered":"Ch\u00e8ques cadeaux"},"content":{"rendered":"<div data-elementor-type=\"wp-page\" data-elementor-id=\"1811\" class=\"elementor elementor-1811\" data-elementor-post-type=\"page\">\n\t\t\t\t<div class=\"elementor-element elementor-element-e7dfc24 e-con-full e-flex e-con e-parent\" data-id=\"e7dfc24\" data-element_type=\"container\" data-e-type=\"container\" data-settings=\"{&quot;background_background&quot;:&quot;classic&quot;}\">\n\t\t<div class=\"elementor-element elementor-element-4804fe5 e-flex e-con-boxed e-con e-child\" data-id=\"4804fe5\" data-element_type=\"container\" data-e-type=\"container\" data-settings=\"{&quot;background_background&quot;:&quot;classic&quot;}\">\n\t\t\t\t\t<div class=\"e-con-inner\">\n\t\t<div class=\"elementor-element elementor-element-726c79b e-flex e-con-boxed e-con e-child\" data-id=\"726c79b\" data-element_type=\"container\" data-e-type=\"container\">\n\t\t\t\t\t<div class=\"e-con-inner\">\n\t\t<div class=\"elementor-element elementor-element-8ca0cb6 e-flex e-con-boxed e-con e-child\" data-id=\"8ca0cb6\" data-element_type=\"container\" data-e-type=\"container\">\n\t\t\t\t\t<div class=\"e-con-inner\">\n\t\t\t\t<div class=\"elementor-element elementor-element-0d81f3e elementor-widget elementor-widget-image\" data-id=\"0d81f3e\" data-element_type=\"widget\" data-e-type=\"widget\" data-widget_type=\"image.default\">\n\t\t\t\t<div class=\"elementor-widget-container\">\n\t\t\t\t\t\t\t\t\t\t\t\t\t\t\t<img fetchpriority=\"high\" decoding=\"async\" width=\"683\" height=\"1024\" src=\"https:\/\/aragmaibiza.com\/wp-content\/uploads\/2025\/01\/3D8A8713-683x1024.jpg\" class=\"attachment-large size-large wp-image-1554\" alt=\"A waitress pouring sangria at Aragma\" srcset=\"https:\/\/aragmaibiza.com\/wp-content\/uploads\/2025\/01\/3D8A8713-683x1024.jpg 683w, https:\/\/aragmaibiza.com\/wp-content\/uploads\/2025\/01\/3D8A8713-200x300.jpg 200w, https:\/\/aragmaibiza.com\/wp-content\/uploads\/2025\/01\/3D8A8713-768x1152.jpg 768w, https:\/\/aragmaibiza.com\/wp-content\/uploads\/2025\/01\/3D8A8713-8x12.jpg 8w, https:\/\/aragmaibiza.com\/wp-content\/uploads\/2025\/01\/3D8A8713.jpg 1024w\" sizes=\"(max-width: 683px) 100vw, 683px\" \/>\t\t\t\t\t\t\t\t\t\t\t\t\t\t\t<\/div>\n\t\t\t\t<\/div>\n\t\t\t\t\t<\/div>\n\t\t\t\t<\/div>\n\t\t<div class=\"elementor-element elementor-element-435caf8 e-flex e-con-boxed e-con e-child\" data-id=\"435caf8\" data-element_type=\"container\" data-e-type=\"container\">\n\t\t\t\t\t<div class=\"e-con-inner\">\n\t\t\t\t<div class=\"elementor-element elementor-element-4d7a000 elementor-widget elementor-widget-heading\" data-id=\"4d7a000\" data-element_type=\"widget\" data-e-type=\"widget\" data-widget_type=\"heading.default\">\n\t\t\t\t<div class=\"elementor-widget-container\">\n\t\t\t\t\t<h1 class=\"elementor-heading-title elementor-size-default\">Ch\u00e8ques cadeaux<\/h1>\t\t\t\t<\/div>\n\t\t\t\t<\/div>\n\t\t\t\t<div class=\"elementor-element elementor-element-7bcae4e elementor-widget elementor-widget-text-editor\" data-id=\"7bcae4e\" data-element_type=\"widget\" data-e-type=\"widget\" data-widget_type=\"text-editor.default\">\n\t\t\t\t<div class=\"elementor-widget-container\">\n\t\t\t\t\t\t\t\t\t<p data-start=\"57\" data-end=\"127\"><strong data-start=\"77\" data-end=\"125\">Le cadeau parfait :<\/strong><\/p><p data-start=\"129\" data-end=\"425\">Vous cherchez un cadeau unique pour l&#039;amateur de cuisine de votre vie\u00a0? <strong data-start=\"174\" data-end=\"203\">Ch\u00e8que-cadeau Aragma Ibiza<\/strong> Offrez \u00e0 vos proches une exp\u00e9rience culinaire inoubliable. Choisissez parmi nos formules et offrez des saveurs grecques et m\u00e9diterran\u00e9ennes dans un cadre agr\u00e9able et d\u00e9contract\u00e9.<\/p><p data-start=\"427\" data-end=\"663\">Vous souhaitez ajouter une touche sp\u00e9ciale suppl\u00e9mentaire ? <strong data-start=\"463\" data-end=\"515\">Surprenez-les avec une bouteille de vin ou de champagne<\/strong>, livr\u00e9 directement \u00e0 leur table. Dites-le-nous et nous nous occuperons du reste pour que leur exp\u00e9rience Aragma soit aussi m\u00e9morable que d\u00e9licieuse.<\/p><p data-start=\"665\" data-end=\"731\">Offrez le cadeau de la saveur, de la d\u00e9tente et de moments inoubliables.<\/p>\t\t\t\t\t\t\t\t<\/div>\n\t\t\t\t<\/div>\n\t\t\t\t\t<\/div>\n\t\t\t\t<\/div>\n\t\t\t\t\t<\/div>\n\t\t\t\t<\/div>\n\t\t\t\t\t<\/div>\n\t\t\t\t<\/div>\n\t\t\t\t<\/div>\n\t\t<div class=\"elementor-element elementor-element-b91622a e-flex e-con-boxed e-con e-parent\" data-id=\"b91622a\" data-element_type=\"container\" data-e-type=\"container\">\n\t\t\t\t\t<div class=\"e-con-inner\">\n\t\t<div class=\"elementor-element elementor-element-c22b614 e-con-full e-flex e-con e-child\" data-id=\"c22b614\" data-element_type=\"container\" data-e-type=\"container\">\n\t\t\t\t<div class=\"elementor-element elementor-element-5e005bd elementor-widget elementor-widget-text-editor\" data-id=\"5e005bd\" data-element_type=\"widget\" data-e-type=\"widget\" data-widget_type=\"text-editor.default\">\n\t\t\t\t<div class=\"elementor-widget-container\">\n\t\t\t\t\t\t\t\t\t<script type=\"text\/javascript\" src=\"https:\/\/www.covermanager.com\/js\/iframeResizer.min.js\"><\/script><iframe\n                                                            title=\"Reservas\" src=\"https:\/\/www.covermanager.com\/eco\/buy_products\/restaurante-aragma\/english\"\n                                                            allow=\"payment\" frameborder=\"0\" height=\"550\" width=\"100%\" onload=\"iFrameResize();\"><\/iframe>\t\t\t\t\t\t\t\t<\/div>\n\t\t\t\t<\/div>\n\t\t\t\t<\/div>\n\t\t\t\t\t<\/div>\n\t\t\t\t<\/div>\n\t\t\t\t<\/div>","protected":false},"excerpt":{"rendered":"<p>The Perfect Gift: Looking for a unique gift for the food lover in your life? An Aragma Ibiza Gift Voucher offers the perfect way to treat someone special to an unforgettable dining experience. Choose from our set voucher options and give the gift of Greek and Mediterranean flavours in a beautiful, relaxed setting. Want to [&hellip;]<\/p>\n","protected":false},"author":1,"featured_media":0,"parent":0,"menu_order":0,"comment_status":"closed","ping_status":"closed","template":"","meta":{"footnotes":""},"class_list":["post-1811","page","type-page","status-publish","hentry"],"yoast_head":"<!-- This site is optimized with the Yoast SEO plugin v27.2 - https:\/\/yoast.com\/product\/yoast-seo-wordpress\/ -->\n<title>Gift Vouchers - Aragma Ibiza<\/title>\n<meta name=\"robots\" content=\"index, follow, max-snippet:-1, max-image-preview:large, max-video-preview:-1\" \/>\n<link rel=\"canonical\" href=\"https:\/\/aragmaibiza.com\/fr\/gift-vouchers\/\" \/>\n<meta property=\"og:locale\" content=\"fr_FR\" \/>\n<meta property=\"og:type\" content=\"article\" \/>\n<meta property=\"og:title\" content=\"Gift Vouchers - Aragma Ibiza\" \/>\n<meta property=\"og:description\" content=\"The Perfect Gift: Looking for a unique gift for the food lover in your life? An Aragma Ibiza Gift Voucher offers the perfect way to treat someone special to an unforgettable dining experience. Choose from our set voucher options and give the gift of Greek and Mediterranean flavours in a beautiful, relaxed setting. Want to [&hellip;]\" \/>\n<meta property=\"og:url\" content=\"https:\/\/aragmaibiza.com\/fr\/gift-vouchers\/\" \/>\n<meta property=\"og:site_name\" content=\"Aragma Ibiza\" \/>\n<meta property=\"article:publisher\" content=\"https:\/\/www.facebook.com\/aragmaibiza\" \/>\n<meta property=\"article:modified_time\" content=\"2025-03-19T18:33:36+00:00\" \/>\n<meta property=\"og:image\" content=\"https:\/\/aragmaibiza.com\/wp-content\/uploads\/2025\/01\/3D8A8713.jpg\" \/>\n\t<meta property=\"og:image:width\" content=\"1024\" \/>\n\t<meta property=\"og:image:height\" content=\"1536\" \/>\n\t<meta property=\"og:image:type\" content=\"image\/jpeg\" \/>\n<meta name=\"twitter:card\" content=\"summary_large_image\" \/>\n<meta name=\"twitter:label1\" content=\"Dur\u00e9e de lecture estim\u00e9e\" \/>\n\t<meta name=\"twitter:data1\" content=\"1 minute\" \/>\n<script type=\"application\/ld+json\" class=\"yoast-schema-graph\">{\"@context\":\"https:\/\/schema.org\",\"@graph\":[{\"@type\":\"WebPage\",\"@id\":\"https:\/\/aragmaibiza.com\/gift-vouchers\/\",\"url\":\"https:\/\/aragmaibiza.com\/gift-vouchers\/\",\"name\":\"Gift Vouchers - Aragma Ibiza\",\"isPartOf\":{\"@id\":\"https:\/\/aragmaibiza.com\/#website\"},\"primaryImageOfPage\":{\"@id\":\"https:\/\/aragmaibiza.com\/gift-vouchers\/#primaryimage\"},\"image\":{\"@id\":\"https:\/\/aragmaibiza.com\/gift-vouchers\/#primaryimage\"},\"thumbnailUrl\":\"https:\/\/aragmaibiza.com\/wp-content\/uploads\/2025\/01\/3D8A8713-683x1024.jpg\",\"datePublished\":\"2025-03-11T13:55:08+00:00\",\"dateModified\":\"2025-03-19T18:33:36+00:00\",\"breadcrumb\":{\"@id\":\"https:\/\/aragmaibiza.com\/gift-vouchers\/#breadcrumb\"},\"inLanguage\":\"fr-FR\",\"potentialAction\":[{\"@type\":\"ReadAction\",\"target\":[\"https:\/\/aragmaibiza.com\/gift-vouchers\/\"]}]},{\"@type\":\"ImageObject\",\"inLanguage\":\"fr-FR\",\"@id\":\"https:\/\/aragmaibiza.com\/gift-vouchers\/#primaryimage\",\"url\":\"https:\/\/aragmaibiza.com\/wp-content\/uploads\/2025\/01\/3D8A8713-683x1024.jpg\",\"contentUrl\":\"https:\/\/aragmaibiza.com\/wp-content\/uploads\/2025\/01\/3D8A8713-683x1024.jpg\"},{\"@type\":\"BreadcrumbList\",\"@id\":\"https:\/\/aragmaibiza.com\/gift-vouchers\/#breadcrumb\",\"itemListElement\":[{\"@type\":\"ListItem\",\"position\":1,\"name\":\"Home\",\"item\":\"https:\/\/aragmaibiza.com\/\"},{\"@type\":\"ListItem\",\"position\":2,\"name\":\"Gift Vouchers\"}]},{\"@type\":\"WebSite\",\"@id\":\"https:\/\/aragmaibiza.com\/#website\",\"url\":\"https:\/\/aragmaibiza.com\/\",\"name\":\"Aragma Ibiza\",\"description\":\"Aragma Ibiza\",\"publisher\":{\"@id\":\"https:\/\/aragmaibiza.com\/#organization\"},\"potentialAction\":[{\"@type\":\"SearchAction\",\"target\":{\"@type\":\"EntryPoint\",\"urlTemplate\":\"https:\/\/aragmaibiza.com\/?s={search_term_string}\"},\"query-input\":{\"@type\":\"PropertyValueSpecification\",\"valueRequired\":true,\"valueName\":\"search_term_string\"}}],\"inLanguage\":\"fr-FR\"},{\"@type\":\"Organization\",\"@id\":\"https:\/\/aragmaibiza.com\/#organization\",\"name\":\"Aragma Ibiza\",\"url\":\"https:\/\/aragmaibiza.com\/\",\"logo\":{\"@type\":\"ImageObject\",\"inLanguage\":\"fr-FR\",\"@id\":\"https:\/\/aragmaibiza.com\/#\/schema\/logo\/image\/\",\"url\":\"https:\/\/aragmaibiza.com\/wp-content\/uploads\/2024\/04\/Aragma-by-Tapas-Ibiza-e1713899753653.webp\",\"contentUrl\":\"https:\/\/aragmaibiza.com\/wp-content\/uploads\/2024\/04\/Aragma-by-Tapas-Ibiza-e1713899753653.webp\",\"width\":1182,\"height\":350,\"caption\":\"Aragma Ibiza\"},\"image\":{\"@id\":\"https:\/\/aragmaibiza.com\/#\/schema\/logo\/image\/\"},\"sameAs\":[\"https:\/\/www.facebook.com\/aragmaibiza\",\"https:\/\/www.instagram.com\/aragmaibiza\/\"]}]}<\/script>\n<!-- \/ Yoast SEO plugin. -->","yoast_head_json":{"title":"Gift Vouchers - Aragma Ibiza","robots":{"index":"index","follow":"follow","max-snippet":"max-snippet:-1","max-image-preview":"max-image-preview:large","max-video-preview":"max-video-preview:-1"},"canonical":"https:\/\/aragmaibiza.com\/fr\/gift-vouchers\/","og_locale":"fr_FR","og_type":"article","og_title":"Gift Vouchers - Aragma Ibiza","og_description":"The Perfect Gift: Looking for a unique gift for the food lover in your life? An Aragma Ibiza Gift Voucher offers the perfect way to treat someone special to an unforgettable dining experience. Choose from our set voucher options and give the gift of Greek and Mediterranean flavours in a beautiful, relaxed setting. Want to [&hellip;]","og_url":"https:\/\/aragmaibiza.com\/fr\/gift-vouchers\/","og_site_name":"Aragma Ibiza","article_publisher":"https:\/\/www.facebook.com\/aragmaibiza","article_modified_time":"2025-03-19T18:33:36+00:00","og_image":[{"width":1024,"height":1536,"url":"https:\/\/aragmaibiza.com\/wp-content\/uploads\/2025\/01\/3D8A8713.jpg","type":"image\/jpeg"}],"twitter_card":"summary_large_image","twitter_misc":{"Dur\u00e9e de lecture estim\u00e9e":"1 minute"},"schema":{"@context":"https:\/\/schema.org","@graph":[{"@type":"WebPage","@id":"https:\/\/aragmaibiza.com\/gift-vouchers\/","url":"https:\/\/aragmaibiza.com\/gift-vouchers\/","name":"Gift Vouchers - Aragma Ibiza","isPartOf":{"@id":"https:\/\/aragmaibiza.com\/#website"},"primaryImageOfPage":{"@id":"https:\/\/aragmaibiza.com\/gift-vouchers\/#primaryimage"},"image":{"@id":"https:\/\/aragmaibiza.com\/gift-vouchers\/#primaryimage"},"thumbnailUrl":"https:\/\/aragmaibiza.com\/wp-content\/uploads\/2025\/01\/3D8A8713-683x1024.jpg","datePublished":"2025-03-11T13:55:08+00:00","dateModified":"2025-03-19T18:33:36+00:00","breadcrumb":{"@id":"https:\/\/aragmaibiza.com\/gift-vouchers\/#breadcrumb"},"inLanguage":"fr-FR","potentialAction":[{"@type":"ReadAction","target":["https:\/\/aragmaibiza.com\/gift-vouchers\/"]}]},{"@type":"ImageObject","inLanguage":"fr-FR","@id":"https:\/\/aragmaibiza.com\/gift-vouchers\/#primaryimage","url":"https:\/\/aragmaibiza.com\/wp-content\/uploads\/2025\/01\/3D8A8713-683x1024.jpg","contentUrl":"https:\/\/aragmaibiza.com\/wp-content\/uploads\/2025\/01\/3D8A8713-683x1024.jpg"},{"@type":"BreadcrumbList","@id":"https:\/\/aragmaibiza.com\/gift-vouchers\/#breadcrumb","itemListElement":[{"@type":"ListItem","position":1,"name":"Home","item":"https:\/\/aragmaibiza.com\/"},{"@type":"ListItem","position":2,"name":"Gift Vouchers"}]},{"@type":"WebSite","@id":"https:\/\/aragmaibiza.com\/#website","url":"https:\/\/aragmaibiza.com\/","name":"Aragma Ibiza","description":"Aragma Ibiza","publisher":{"@id":"https:\/\/aragmaibiza.com\/#organization"},"potentialAction":[{"@type":"SearchAction","target":{"@type":"EntryPoint","urlTemplate":"https:\/\/aragmaibiza.com\/?s={search_term_string}"},"query-input":{"@type":"PropertyValueSpecification","valueRequired":true,"valueName":"search_term_string"}}],"inLanguage":"fr-FR"},{"@type":"Organization","@id":"https:\/\/aragmaibiza.com\/#organization","name":"Aragma Ibiza","url":"https:\/\/aragmaibiza.com\/","logo":{"@type":"ImageObject","inLanguage":"fr-FR","@id":"https:\/\/aragmaibiza.com\/#\/schema\/logo\/image\/","url":"https:\/\/aragmaibiza.com\/wp-content\/uploads\/2024\/04\/Aragma-by-Tapas-Ibiza-e1713899753653.webp","contentUrl":"https:\/\/aragmaibiza.com\/wp-content\/uploads\/2024\/04\/Aragma-by-Tapas-Ibiza-e1713899753653.webp","width":1182,"height":350,"caption":"Aragma Ibiza"},"image":{"@id":"https:\/\/aragmaibiza.com\/#\/schema\/logo\/image\/"},"sameAs":["https:\/\/www.facebook.com\/aragmaibiza","https:\/\/www.instagram.com\/aragmaibiza\/"]}]}},"_links":{"self":[{"href":"https:\/\/aragmaibiza.com\/fr\/wp-json\/wp\/v2\/pages\/1811","targetHints":{"allow":["GET"]}}],"collection":[{"href":"https:\/\/aragmaibiza.com\/fr\/wp-json\/wp\/v2\/pages"}],"about":[{"href":"https:\/\/aragmaibiza.com\/fr\/wp-json\/wp\/v2\/types\/page"}],"author":[{"embeddable":true,"href":"https:\/\/aragmaibiza.com\/fr\/wp-json\/wp\/v2\/users\/1"}],"replies":[{"embeddable":true,"href":"https:\/\/aragmaibiza.com\/fr\/wp-json\/wp\/v2\/comments?post=1811"}],"version-history":[{"count":12,"href":"https:\/\/aragmaibiza.com\/fr\/wp-json\/wp\/v2\/pages\/1811\/revisions"}],"predecessor-version":[{"id":1844,"href":"https:\/\/aragmaibiza.com\/fr\/wp-json\/wp\/v2\/pages\/1811\/revisions\/1844"}],"wp:attachment":[{"href":"https:\/\/aragmaibiza.com\/fr\/wp-json\/wp\/v2\/media?parent=1811"}],"curies":[{"name":"wp","href":"https:\/\/api.w.org\/{rel}","templated":true}]}}